{"id":332,"date":"2020-05-12T14:46:50","date_gmt":"2020-05-12T14:46:50","guid":{"rendered":"https:\/\/practicasnarrativas.com.ar\/?page_id=332"},"modified":"2023-08-30T12:34:09","modified_gmt":"2023-08-30T12:34:09","slug":"blog","status":"publish","type":"page","link":"https:\/\/practicasnarrativas.com.ar\/?page_id=332","title":{"rendered":"Blog"},"content":{"rendered":"\n<h2>&#8220;LA VIDA ES UN VIAJE NO UNA ESTACI\u00d3N&#8221;<\/h2>\n\n\n\n<h2>Cuento Narrativo realizado por Victoria Lop\u00e9z, psic\u00f3loga Ecuatoriana, para el trabajo final en el marco del Diplomado de Pr\u00e1cticas Narrativas contempor\u00e1neas Latinoamericana. Dictado por nuestra instituci\u00f3n.<\/h2>\n\n\n\n<figure class=\"wp-block-image size-large is-style-default\"><img src=\"https:\/\/practicasnarrativas.com.ar\/wp-content\/uploads\/2022\/01\/Sapeando-Puentes-1024x1024.jpg\" alt=\"\" class=\"wp-image-855\"\/><figcaption><br>Prana naci\u00f3 en Pollux, una de las estrellas m\u00e1s brillantes del universo. Ella viv\u00eda muy feliz en su estrella llena de magia. Sin embargo, un d\u00eda todo cambio. De otro planeta llegaron los rigidus, seres oscuros que buscaban dominar el pensamiento de los habitantes de otras galaxias. Cuando ellos llegaron a Pollux, devastaron todo a su alrededor y secuestraron a sus habitantes para llevarlos a trabajar y vivir en el planeta de lo igual \u201cUroborx\u201d<br>La vida hab\u00eda perdido su color y parec\u00eda sencilla. Ahora, Prana viv\u00eda en un planeta de habitantes iguales y pensamientos indiferenciados. En Uroborx, los rigidus ense\u00f1aban a sus habitantes a sentir, pensar, actuar y vivir de la misma manera. Ellos categorizaban a los habitantes a trav\u00e9s de diferentes criterios y los obligaban a vivir en prisiones con reglas de pensamiento preestablecidas y estereotipos que deb\u00edan cumplir. Los rigidus dec\u00edan que todos los habitantes son iguales y por eso no pod\u00edan pensar ni sentir diferente, a trav\u00e9s de esta doctrina ellos pod\u00edan tener el control de sus vidas y su salud, pues como todos eran iguales ellos hab\u00edan desarrollado recetas m\u00e1gicas para opacar el dolor que sent\u00edan y cambiar sus pensamientos.<br>Prana no lograba adaptarse a este mundo indiferenciado, pues ah\u00ed todos eran grises y ella ten\u00eda mucho color. Por esta raz\u00f3n, los rigidus decidieron obligarla a ser parte de ellos y le encomendaron la tarea de transformar a los habitantes, d\u00e1ndoles la receta que ellos hab\u00edan creado para controlarlos. Prana era inmune a la receta y por eso fue obligada a convertir a los dem\u00e1s. Ella nunca estuvo de acuerdo en hacerlo mas, los rigidus ten\u00edan secuestrada a su familia, por lo que si no convert\u00eda a los habitantes de Uroborx nunca volver\u00eda a verlos.<br>Cerca de este planeta hab\u00eda un desierto del cual se contaban muchas historias. Una de ellas, cuenta que en el desierto de lo incierto se escond\u00edan los secretos de la libertad. All\u00e1, solo hab\u00edan llegado aquellos lo suficientemente valientes para rescatar sus sue\u00f1os y reconocerse. Nunca nadie hab\u00eda regresado de este desierto y la historia cuenta que el camino hacia ese destino estaba lleno de peligros y decepciones. Por eso, los habitantes del planeta de lo igual prefer\u00edan vivir ah\u00ed, pues se acostumbraban a la realidad de sus prisiones. El proceso de transformaci\u00f3n de los habitantes en rigidus, hac\u00eda que poco a poco cada uno de ellos deje de cuestionar las ideas, deje de cuestionar su realidad<br>Prana se sent\u00eda triste y decepcionada del planeta de lo igual. Cada d\u00eda que iba a visitar las diferentes prisiones de Uroborx, observaba que muchos de los habitantes iban perdiendo poco a poco su color, se iban convirtiendo en seres grises y sin vida porque no pod\u00edan expresar su verdadero ser. Un d\u00eda una<br>epidemia muy extra\u00f1a llego Uroborx, los habitantes de las prisiones empezaron a enfermar y ninguna de las recetas de los rigidus serv\u00eda para sanar el dolor tan grande que sent\u00edan. Varios expertos del planeta de lo igual, intentaron buscar la soluci\u00f3n para este profundo dolor que los asechaba mas, fracasaron en el intento. Los habitantes empezaron a desintegrarse y poco a poco iban desapareciendo. Las cosas en Uroborx comenzaron a detenerse.<br>Un d\u00eda Prana se dio cuenta de que todos los habitantes ten\u00edan un dolor profundo, algo que no se pod\u00eda ver a simple vista, algo que estaba ausente pero impl\u00edcito en su sufrimiento. Cuando se desintegraban lo \u00fanico que quedaba de ellos eran l\u00e1grimas de cristal. Ella, entendi\u00f3 que en Uroborx, el planeta de lo igual. no exist\u00eda complejidad alguna. Los rigidus, hab\u00edan obligado a los habitantes a construirse con una historia \u00fanica, repitiendo patrones y formas de vivir similares a las de sus ancestros. Pronto, Prana se dio cuenta de que las personas estaban enfermas de historias \u00fanicas, historias saturadas de malestar de las que no pod\u00edan tener el control, puesto que los rigidus eran quienes controlaban sus narrativas. Los habitantes hab\u00edan enfermado de olvido.<br>Al darse cuenta de lo que pasaba en Uroborx, Prana decidi\u00f3 emprender un viaje, un viaje del que no ten\u00eda la certeza de volver. Ella sab\u00eda que para poder salvar a los habitantes de Uroborx , ten\u00eda que migrar al desierto de lo incierto. Una vez iniciado el viaje, ella sab\u00eda que su vida cambiar\u00eda para siempre, no sab\u00eda si sobrevivir\u00eda, no sab\u00eda con qu\u00e9 se encontrar\u00eda, la \u00fanica certeza que ten\u00eda era que en el camino su escudo protector ser\u00eda reencontrarse consigo misma.<br>Al d\u00eda siguiente emprendi\u00f3 su migraci\u00f3n, el destino final ser\u00eda el desierto de lo incierto. Espero a que los rigidus bajaran la guardia y emprendi\u00f3 su viaje. Prana hab\u00eda encontrado un mapa de las galaxias lejanas. En el mismo se encontraban las coordenadas para llegar al desierto de lo incierto. El viaje no fue sencillo pues en el camino se top\u00f3 con varios obst\u00e1culos, agujeros negros que ten\u00eda que esquivar, meteoritos con los que no deb\u00eda chocar. Despu\u00e9s de varios d\u00edas viajando en el espacio, lleg\u00f3 al desierto de lo incierto.<br>Este desierto era muy peculiar, pues al inicio daba mucho miedo. En la entrada hab\u00eda un or\u00e1culo y cuando se acerc\u00f3 a \u00e9l, este le revel\u00f3 el camino para llegar a la libertad. Ten\u00eda que resolver muchos acertijos para encontrar la libertad.<br>Mientras Prana caminaba por el desierto, observ\u00f3 una pared muy grande llena de meteoritos. Una vez m\u00e1s, el or\u00e1culo a pareci\u00f3 y le dijo: Esta pared representa tu construcci\u00f3n, a pesar de tener magia no has logrado ver la magia de tu esencia \u00bfQu\u00e9 es eso que est\u00e1 impl\u00edcito en tu vida y no puedes ver?<br>Prana pens\u00f3 por mucho tiempo y no lograba encontrar la respuesta. Hasta que empez\u00f3 a contarle su vida al or\u00e1culo y de pronto lo entendi\u00f3. En Pollux ella era muy feliz, estaba rodeada de colores y mucho amor. Para ella sentirse amada y reconocida era algo normal en su vida, siempre demostraba su felicidad y su amor a los dem\u00e1s. Luego record\u00f3, que desde que los rigidus la secuestraron nunca hab\u00eda hablado con nadie de lo que sent\u00eda. En ese momento record\u00f3 una poci\u00f3n m\u00e1gica que su abuela le hab\u00eda ense\u00f1ado. Su abuela siempre le dec\u00eda: Para entender qu\u00e9 hay en la profundidad del vac\u00edo, debes externalizar toda la oscuridad.<br>Prana lo entendi\u00f3, la respuesta al acertijo era conectarse con su oscuridad y externalizarla poco poco. Entonces, observ\u00f3 la pared y empez\u00f3 a representar en cada roca toda la oscuridad que sent\u00eda por dentro. Cuando lo hizo, se dio cuenta de que por mucho tiempo hab\u00eda estado conviviendo con un fuerte dolor, mucha tristeza, ira e impotencia al no poder brillar libremente y liberar a los dem\u00e1s. Prana lloro y habl\u00f3 con el Or\u00e1culo de todo lo que sent\u00eda. El Or\u00e1culo le sonr\u00edo y le dijo: Ahora que te has permitido sentir y externalizar tus emociones has dado el primer paso para reconectarte contigo misma. El or\u00e1culo le explico que cada uno de los meteoritos que formaban parte de la pared de su construcci\u00f3n eran mensajes y emociones con las que ella deb\u00eda hacer algo\u2026\u2026.<br>El or\u00e1culo desapareci\u00f3 y Prana continu\u00f3 su camino. Mientras caminaba se sent\u00eda aliviada, pues por mucho tiempo hab\u00eda cargado todas esas emociones. Despu\u00e9s de varias horas de caminata, llego a un r\u00edo. Este r\u00edo era especial porque<br>en \u00e9l se reflejaba la pared de su construcci\u00f3n. Prana empez\u00f3 a pensar en lo que el or\u00e1culo le dijo y de repente la respuesta llego\u2026. Ten\u00eda que deconstruir esa pared para empezar una nueva construcci\u00f3n por s\u00ed misma, ya que los rigidus hab\u00edan implantado muchas de sus ideas en ella. Prana regres\u00f3 al lugar en donde se encontraba la pared de su construcci\u00f3n y empez\u00f3 a destruirla, poco a poco fue quitando los meteoritos, hasta que destruy\u00f3 la pared. Empez\u00f3 a buscar entre los escombros y encontr\u00f3 sus secretos ocultos. Los guardo en su mochila y continu\u00f3 su viaje.<br>Varias horas despu\u00e9s, mientras Prana caminaba, miro a lo lejos un \u00e1rbol muy grande. Ella empez\u00f3 a correr hacia \u00e9l ya que necesita descansar en su sombra. Cuando lleg\u00f3, se dio cuenta de que era un \u00e1rbol muy grande y hermoso. Se arrim\u00f3 en su tronc\u00f3 y se qued\u00f3 profundamente dormida. Mientras dorm\u00eda tuvo un sue\u00f1o muy peculiar, este \u00e1rbol llamado Inti, empez\u00f3 a hablarle.<br>Inti le dijo: Todos los seres de este universo somos diferentes, cuando perdemos de vista quienes somos nos estancamos en lugares de los que nos cuesta mucho salir. Rescatarnos a nosotros mismos es lo que nos permite rescatar a otros. Ahora que has destruido tu antigua construcci\u00f3n, debes construir una por ti misma, con los ojos abiertos y con una intencionalidad clara de lo que quieres lograr en ti misma. No olvides todas las experiencias y aprendizajes en tu vida, eso ser\u00e1 lo que te permitir\u00e1 diferenciarte y construir tu nuevo camino hacia la libertad.<br>Prana despert\u00f3 y empez\u00f3 a observar a Inti. En \u00e9l se reflejaban todos los momentos, personas, emociones con las que hab\u00edan entretejido la magia de su esencia. En las hojas de Inti, se reflejaban todas aquellas personas con las que hab\u00eda construido v\u00ednculos representativos. En ellas, estaba el reflejo de cada una de sus figuras de amor. Las ramas, eran sus sue\u00f1os y hab\u00eda muchas de ellas ya que Prana era muy so\u00f1adora. Una de las ramas m\u00e1s grandes representaban su objetivo de regresar a Uroborx y salvar a su familia y a los habitantes secuestrados. De pronto, empezaron a aparecer muchos frutos en las ramas de Inti y en ellos pudo ver reflejado todo el amor, el reconocimiento y la magia que<br>hab\u00eda obtenido a lo largo de su historia. En el tronco de Inti, pudo observarse a s\u00ed misma y ver que era valiente, fuerte e inteligente. En \u00e9l se guardaban todos los conocimientos y loa aprendizajes de su vida. Luego se acerc\u00f3 y toco la tierra, al sentirla pudo percibir un olor que la lleno de fortaleza, pues en la tierra pudo sentir la motivaci\u00f3n que necesitaba para lograr su libertad. Al observar las ra\u00edces, record\u00f3 a su amada estrella Pollux, lugar en donde hab\u00edan vivido todos sus antepasados.<br>Prana vi\u00f3 en Pollux su verdadera construcci\u00f3n. Una vez que logr\u00f3 reconocerse empez\u00f3 a caminar, se sent\u00eda segura y feliz, pues sab\u00eda que todo estaba en s\u00ed misma y no le pertenec\u00eda a nadie m\u00e1s que a ella. Prana recuper\u00f3 la esencia de su magia. Era poderosa ya que ten\u00eda el control de s\u00ed misma. Ahora, ella era la encargada de construir su nueva historia. Prana era fuente de su magia infinita. De repente, vio que una luz violeta se acercaba a ella, esa luz la envolvi\u00f3 y fue entonces cuando sinti\u00f3 lo que tanto hab\u00eda anhelado, la libertad de ser ella misma.<br>Prana emprendi\u00f3 su viaje de regreso y cuando lleg\u00f3 se di\u00f3 cuenta de que muchos de los habitantes en Uroborx hab\u00edan desaparecido. Corri\u00f3 hasta la torre de control de los rigidus y los enfrent\u00f3 con su magia. Su magia era poderosa, pues en ella se encontraba su libertad. Cuando liber\u00f3 a todos, Prana se di\u00f3 cuenta de que para poder ayudar a los dem\u00e1s primero tuvo que ayudarse a s\u00ed misma a sanar.<br>Prana descubri\u00f3 que la vida es un viaje y no una estaci\u00f3n. Emprendi\u00f3 su viaje de regreso a Pollux y decidi\u00f3 conocer nuevas galaxias y planetas inexplorados. Prana fue libre en s\u00ed misma.<\/figcaption><\/figure>\n","protected":false},"excerpt":{"rendered":"<p>&#8220;LA VIDA ES UN VIAJE NO UNA ESTACI\u00d3N&#8221; Cuento Narrativo realizado por Victoria Lop\u00e9z, psic\u00f3loga Ecuatoriana, para el trabajo final en el marco del Diplomado de Pr\u00e1cticas Narrativas contempor\u00e1neas Latinoamericana. Dictado por nuestra instituci\u00f3n.<\/p>\n","protected":false},"author":1,"featured_media":0,"parent":0,"menu_order":0,"comment_status":"closed","ping_status":"closed","template":"","meta":{"_coblocks_attr":"","_coblocks_dimensions":"","_coblocks_responsive_height":"","_coblocks_accordion_ie_support":""},"yoast_head":"<!-- This site is optimized with the Yoast SEO plugin v19.2 - https:\/\/yoast.com\/wordpress\/plugins\/seo\/ -->\n<title>Blog - Practicas Narrativas<\/title>\n<meta name=\"description\" content=\"Cuento Narrativo realizado por Victoria Lop\u00e9z, psic\u00f3loga Ecuatoriana, para el trabajo final en el marco del Diplomado de Pr\u00e1cticas Narrativas contempor\u00e1neas Latinoamericana. Dictado por nuestra instituci\u00f3n.\" \/>\n<meta name=\"robots\" content=\"index, follow, max-snippet:-1, max-image-preview:large, max-video-preview:-1\" \/>\n<link rel=\"canonical\" href=\"https:\/\/practicasnarrativas.com.ar\/?page_id=332\" \/>\n<meta property=\"og:locale\" content=\"es_ES\" \/>\n<meta property=\"og:type\" content=\"article\" \/>\n<meta property=\"og:title\" content=\"Blog - Practicas Narrativas\" \/>\n<meta property=\"og:description\" content=\"Cuento Narrativo realizado por Victoria Lop\u00e9z, psic\u00f3loga Ecuatoriana, para el trabajo final en el marco del Diplomado de Pr\u00e1cticas Narrativas contempor\u00e1neas Latinoamericana. Dictado por nuestra instituci\u00f3n.\" \/>\n<meta property=\"og:url\" content=\"https:\/\/practicasnarrativas.com.ar\/?page_id=332\" \/>\n<meta property=\"og:site_name\" content=\"Practicas Narrativas\" \/>\n<meta property=\"article:modified_time\" content=\"2023-08-30T12:34:09+00:00\" \/>\n<meta property=\"og:image\" content=\"https:\/\/practicasnarrativas.com.ar\/wp-content\/uploads\/2022\/01\/Sapeando-Puentes-1024x1024.jpg\" \/>\n<meta name=\"author\" content=\"Encuentros - Pr\u00e1cticas Narrativas\" \/>\n<meta name=\"twitter:card\" content=\"summary_large_image\" \/>\n<meta name=\"twitter:label1\" content=\"Tiempo de lectura\" \/>\n\t<meta name=\"twitter:data1\" content=\"10 minutos\" \/>\n<script type=\"application\/ld+json\" class=\"yoast-schema-graph\">{\"@context\":\"https:\/\/schema.org\",\"@graph\":[{\"@type\":\"WebSite\",\"@id\":\"https:\/\/practicasnarrativas.com.ar\/#website\",\"url\":\"https:\/\/practicasnarrativas.com.ar\/\",\"name\":\"Practicas Narrativas\",\"description\":\"Encuentros - Pr\u00e1cticas Narrativas\",\"potentialAction\":[{\"@type\":\"SearchAction\",\"target\":{\"@type\":\"EntryPoint\",\"urlTemplate\":\"https:\/\/practicasnarrativas.com.ar\/?s={search_term_string}\"},\"query-input\":\"required name=search_term_string\"}],\"inLanguage\":\"es-AR\"},{\"@type\":\"ImageObject\",\"inLanguage\":\"es-AR\",\"@id\":\"https:\/\/practicasnarrativas.com.ar\/?page_id=332#primaryimage\",\"url\":\"https:\/\/practicasnarrativas.com.ar\/wp-content\/uploads\/2022\/01\/Sapeando-Puentes-1024x1024.jpg\",\"contentUrl\":\"https:\/\/practicasnarrativas.com.ar\/wp-content\/uploads\/2022\/01\/Sapeando-Puentes-1024x1024.jpg\"},{\"@type\":\"WebPage\",\"@id\":\"https:\/\/practicasnarrativas.com.ar\/?page_id=332#webpage\",\"url\":\"https:\/\/practicasnarrativas.com.ar\/?page_id=332\",\"name\":\"Blog - Practicas Narrativas\",\"isPartOf\":{\"@id\":\"https:\/\/practicasnarrativas.com.ar\/#website\"},\"primaryImageOfPage\":{\"@id\":\"https:\/\/practicasnarrativas.com.ar\/?page_id=332#primaryimage\"},\"datePublished\":\"2020-05-12T14:46:50+00:00\",\"dateModified\":\"2023-08-30T12:34:09+00:00\",\"description\":\"Cuento Narrativo realizado por Victoria Lop\u00e9z, psic\u00f3loga Ecuatoriana, para el trabajo final en el marco del Diplomado de Pr\u00e1cticas Narrativas contempor\u00e1neas Latinoamericana. Dictado por nuestra instituci\u00f3n.\",\"breadcrumb\":{\"@id\":\"https:\/\/practicasnarrativas.com.ar\/?page_id=332#breadcrumb\"},\"inLanguage\":\"es-AR\",\"potentialAction\":[{\"@type\":\"ReadAction\",\"target\":[\"https:\/\/practicasnarrativas.com.ar\/?page_id=332\"]}]},{\"@type\":\"BreadcrumbList\",\"@id\":\"https:\/\/practicasnarrativas.com.ar\/?page_id=332#breadcrumb\",\"itemListElement\":[{\"@type\":\"ListItem\",\"position\":1,\"name\":\"Home\",\"item\":\"https:\/\/practicasnarrativas.com.ar\/\"},{\"@type\":\"ListItem\",\"position\":2,\"name\":\"Blog\"}]}]}<\/script>\n<!-- \/ Yoast SEO plugin. -->","yoast_head_json":{"title":"Blog - Practicas Narrativas","description":"Cuento Narrativo realizado por Victoria Lop\u00e9z, psic\u00f3loga Ecuatoriana, para el trabajo final en el marco del Diplomado de Pr\u00e1cticas Narrativas contempor\u00e1neas Latinoamericana. Dictado por nuestra instituci\u00f3n.","robots":{"index":"index","follow":"follow","max-snippet":"max-snippet:-1","max-image-preview":"max-image-preview:large","max-video-preview":"max-video-preview:-1"},"canonical":"https:\/\/practicasnarrativas.com.ar\/?page_id=332","og_locale":"es_ES","og_type":"article","og_title":"Blog - Practicas Narrativas","og_description":"Cuento Narrativo realizado por Victoria Lop\u00e9z, psic\u00f3loga Ecuatoriana, para el trabajo final en el marco del Diplomado de Pr\u00e1cticas Narrativas contempor\u00e1neas Latinoamericana. Dictado por nuestra instituci\u00f3n.","og_url":"https:\/\/practicasnarrativas.com.ar\/?page_id=332","og_site_name":"Practicas Narrativas","article_modified_time":"2023-08-30T12:34:09+00:00","og_image":[{"url":"https:\/\/practicasnarrativas.com.ar\/wp-content\/uploads\/2022\/01\/Sapeando-Puentes-1024x1024.jpg"}],"author":"Encuentros - Pr\u00e1cticas Narrativas","twitter_card":"summary_large_image","twitter_misc":{"Tiempo de lectura":"10 minutos"},"schema":{"@context":"https:\/\/schema.org","@graph":[{"@type":"WebSite","@id":"https:\/\/practicasnarrativas.com.ar\/#website","url":"https:\/\/practicasnarrativas.com.ar\/","name":"Practicas Narrativas","description":"Encuentros - Pr\u00e1cticas Narrativas","potentialAction":[{"@type":"SearchAction","target":{"@type":"EntryPoint","urlTemplate":"https:\/\/practicasnarrativas.com.ar\/?s={search_term_string}"},"query-input":"required name=search_term_string"}],"inLanguage":"es-AR"},{"@type":"ImageObject","inLanguage":"es-AR","@id":"https:\/\/practicasnarrativas.com.ar\/?page_id=332#primaryimage","url":"https:\/\/practicasnarrativas.com.ar\/wp-content\/uploads\/2022\/01\/Sapeando-Puentes-1024x1024.jpg","contentUrl":"https:\/\/practicasnarrativas.com.ar\/wp-content\/uploads\/2022\/01\/Sapeando-Puentes-1024x1024.jpg"},{"@type":"WebPage","@id":"https:\/\/practicasnarrativas.com.ar\/?page_id=332#webpage","url":"https:\/\/practicasnarrativas.com.ar\/?page_id=332","name":"Blog - Practicas Narrativas","isPartOf":{"@id":"https:\/\/practicasnarrativas.com.ar\/#website"},"primaryImageOfPage":{"@id":"https:\/\/practicasnarrativas.com.ar\/?page_id=332#primaryimage"},"datePublished":"2020-05-12T14:46:50+00:00","dateModified":"2023-08-30T12:34:09+00:00","description":"Cuento Narrativo realizado por Victoria Lop\u00e9z, psic\u00f3loga Ecuatoriana, para el trabajo final en el marco del Diplomado de Pr\u00e1cticas Narrativas contempor\u00e1neas Latinoamericana. Dictado por nuestra instituci\u00f3n.","breadcrumb":{"@id":"https:\/\/practicasnarrativas.com.ar\/?page_id=332#breadcrumb"},"inLanguage":"es-AR","potentialAction":[{"@type":"ReadAction","target":["https:\/\/practicasnarrativas.com.ar\/?page_id=332"]}]},{"@type":"BreadcrumbList","@id":"https:\/\/practicasnarrativas.com.ar\/?page_id=332#breadcrumb","itemListElement":[{"@type":"ListItem","position":1,"name":"Home","item":"https:\/\/practicasnarrativas.com.ar\/"},{"@type":"ListItem","position":2,"name":"Blog"}]}]}},"_links":{"self":[{"href":"https:\/\/practicasnarrativas.com.ar\/index.php?rest_route=\/wp\/v2\/pages\/332"}],"collection":[{"href":"https:\/\/practicasnarrativas.com.ar\/index.php?rest_route=\/wp\/v2\/pages"}],"about":[{"href":"https:\/\/practicasnarrativas.com.ar\/index.php?rest_route=\/wp\/v2\/types\/page"}],"author":[{"embeddable":true,"href":"https:\/\/practicasnarrativas.com.ar\/index.php?rest_route=\/wp\/v2\/users\/1"}],"replies":[{"embeddable":true,"href":"https:\/\/practicasnarrativas.com.ar\/index.php?rest_route=%2Fwp%2Fv2%2Fcomments&post=332"}],"version-history":[{"count":9,"href":"https:\/\/practicasnarrativas.com.ar\/index.php?rest_route=\/wp\/v2\/pages\/332\/revisions"}],"predecessor-version":[{"id":1600,"href":"https:\/\/practicasnarrativas.com.ar\/index.php?rest_route=\/wp\/v2\/pages\/332\/revisions\/1600"}],"wp:attachment":[{"href":"https:\/\/practicasnarrativas.com.ar\/index.php?rest_route=%2Fwp%2Fv2%2Fmedia&parent=332"}],"curies":[{"name":"wp","href":"https:\/\/api.w.org\/{rel}","templated":true}]}}